{"id":803,"date":"2025-07-09T17:23:33","date_gmt":"2025-07-09T14:23:33","guid":{"rendered":"https:\/\/oyapet.com\/?page_id=803"},"modified":"2025-08-06T14:55:06","modified_gmt":"2025-08-06T11:55:06","slug":"sertifikalarimiz","status":"publish","type":"page","link":"https:\/\/oyapet.com\/tr\/sertifikalarimiz\/","title":{"rendered":"Sertifikalar"},"content":{"rendered":"<div data-elementor-type=\"wp-page\" data-elementor-id=\"803\" class=\"elementor elementor-803\" data-elementor-post-type=\"page\">\n\t\t\t\t<div class=\"wd-negative-gap elementor-element elementor-element-8967893 wd-section-stretch e-flex e-con-boxed e-con e-parent\" data-id=\"8967893\" data-element_type=\"container\" data-settings=\"{&quot;background_background&quot;:&quot;classic&quot;}\">\n\t\t\t\t\t<div class=\"e-con-inner\">\n\t\t<div class=\"elementor-element elementor-element-6828f05 e-con-full e-flex e-con e-child\" data-id=\"6828f05\" data-element_type=\"container\">\n\t\t\t\t<\/div>\n\t\t<div class=\"elementor-element elementor-element-ba6394b e-con-full e-flex e-con e-child\" data-id=\"ba6394b\" data-element_type=\"container\">\n\t\t\t\t<div class=\"elementor-element elementor-element-84b71aa wd-width-100 elementor-widget elementor-widget-wd_title\" data-id=\"84b71aa\" data-element_type=\"widget\" data-widget_type=\"wd_title.default\">\n\t\t\t\t<div class=\"elementor-widget-container\">\n\t\t\t\t\t\t\t<div class=\"title-wrapper wd-set-mb reset-last-child wd-title-color-default wd-title-style-default wd-title-size-default text-left\">\n\n\t\t\t\n\t\t\t<div class=\"liner-continer\">\n\t\t\t\t<h2 class=\"woodmart-title-container title wd-fontsize-l\">Sertifikalar\u0131m\u0131z<\/h2> \n\t\t\t\t\t\t\t<\/div>\n\n\t\t\t\t\t\t\t<div class=\"title-after_title reset-last-child wd-fontsize-xs\">\n\t\t\t\t\t<p>OYAPET olarak kalite, g\u00fcvenlik ve sorumlulu\u011fun taviz verilemez de\u011ferler oldu\u011funa inan\u0131yoruz. Bu nedenle \u00fcretim s\u00fcre\u00e7lerimiz ve kulland\u0131\u011f\u0131m\u0131z t\u00fcm malzemeler, m\u00fc\u015fterilerimiz ve onlar\u0131n m\u00fc\u015fterileri i\u00e7in en \u00f6nemli olan uluslararas\u0131 standartlara uygun \u015fekilde y\u00fcr\u00fct\u00fclmektedir.<\/p><p>\u0130ster \u00e7evre dostu malzemeler, ister etik \u00e7al\u0131\u015fma ko\u015fullar\u0131, isterse s\u00fcrd\u00fcr\u00fclebilir kalite y\u00f6netimi \u00f6nceli\u011finiz olsun \u2014 sahip oldu\u011fumuz sertifikalar, bu de\u011ferlere olan ba\u011fl\u0131l\u0131\u011f\u0131m\u0131z\u0131n somut kan\u0131t\u0131d\u0131r.<\/p><p>A\u015fa\u011f\u0131da, \u00fcr\u00fcnlerimizle birlikte sundu\u011fumuz ve markam\u0131z\u0131n g\u00fcvenilirli\u011fini yans\u0131tan temel sertifikalar\u0131m\u0131z\u0131 bulabilirsiniz:<\/p>\t\t\t\t<\/div>\n\t\t\t\t\t<\/div>\n\t\t\t\t\t\t<\/div>\n\t\t\t\t<\/div>\n\t\t\t\t<\/div>\n\t\t\t\t\t<\/div>\n\t\t\t\t<\/div>\n\t\t<div class=\"wd-negative-gap elementor-element elementor-element-3eda492 wd-section-stretch e-flex e-con-boxed e-con e-parent\" data-id=\"3eda492\" data-element_type=\"container\">\n\t\t\t\t\t<div class=\"e-con-inner\">\n\t\t<div class=\"elementor-element elementor-element-47c217e e-con-full e-flex e-con e-child\" data-id=\"47c217e\" data-element_type=\"container\">\n\t\t\t\t<div class=\"elementor-element elementor-element-5e2faf9 wd-width-100 elementor-widget elementor-widget-wd_title\" data-id=\"5e2faf9\" data-element_type=\"widget\" data-widget_type=\"wd_title.default\">\n\t\t\t\t<div class=\"elementor-widget-container\">\n\t\t\t\t\t\t\t<div class=\"title-wrapper wd-set-mb reset-last-child wd-title-color-default wd-title-style-default wd-title-size-default text-left\">\n\n\t\t\t\n\t\t\t<div class=\"liner-continer\">\n\t\t\t\t<h2 class=\"woodmart-title-container title wd-fontsize-l\">ISO 9001:2015 \u2013 Kalite Y\u00f6netim Sistemi<\/h2> \n\t\t\t\t\t\t\t<\/div>\n\n\t\t\t\t\t\t\t<div class=\"title-after_title reset-last-child wd-fontsize-xs\">\n\t\t\t\t\t<p>Her Zaman Tutarl\u0131 Kalite \u00dcretim s\u00fcre\u00e7lerimiz, ISO 9001:2015 Kalite Y\u00f6netim Standard\u0131 \u00e7er\u00e7evesinde y\u00fcr\u00fct\u00fclmektedir. Bu sayede; ilk numuneden seri \u00fcretime kadar t\u00fcm a\u015famalarda \u00fcr\u00fcn tutarl\u0131l\u0131\u011f\u0131, s\u00fcre\u00e7 kontrol\u00fc ve m\u00fc\u015fteri memnuniyeti en \u00fcst d\u00fczeyde sa\u011flan\u0131r.<\/p>\t\t\t\t<\/div>\n\t\t\t\t\t<\/div>\n\t\t\t\t\t\t<\/div>\n\t\t\t\t<\/div>\n\t\t\t\t<div class=\"elementor-element elementor-element-ea7d367 elementor-widget elementor-widget-wd_button\" data-id=\"ea7d367\" data-element_type=\"widget\" data-widget_type=\"wd_button.default\">\n\t\t\t\t<div class=\"elementor-widget-container\">\n\t\t\t\t\t\t\t<div class=\"wd-button-wrapper text-left\" >\n\t\t\t<a class=\"btn btn-style-default btn-shape-semi-round btn-size-default btn-color-alt btn-icon-pos-right\" href=\"https:\/\/www.iso.org\/standard\/62085.html\" rel=\"nofollow noopener\" target=\"_blank\">\n\t\t\t\t<span class=\"wd-btn-text\" data-elementor-setting-key=\"text\">\n\t\t\t\t\tDaha fazla bilgi edin\t\t\t\t<\/span>\n\n\t\t\t\t\t\t\t<\/a>\n\t\t<\/div>\n\t\t\t\t\t\t<\/div>\n\t\t\t\t<\/div>\n\t\t\t\t<\/div>\n\t\t<div class=\"elementor-element elementor-element-f8daf50 e-con-full e-flex e-con e-child\" data-id=\"f8daf50\" data-element_type=\"container\">\n\t\t\t\t<div class=\"elementor-element elementor-element-a725611 elementor-widget elementor-widget-shortcode\" data-id=\"a725611\" data-element_type=\"widget\" data-widget_type=\"shortcode.default\">\n\t\t\t\t<div class=\"elementor-widget-container\">\n\t\t\t\t\t\t\t<div class=\"elementor-shortcode\"><div class=\"_df_book df-lite\" id=\"df_822\"  _slug=\"iso-9001\" data-title=\"iso-9001\" wpoptions=\"true\" thumbtype=\"\" ><\/div><script class=\"df-shortcode-script\" nowprocket type=\"application\/javascript\">window.option_df_822 = {\"outline\":[],\"backgroundColor\":\"#fff\",\"height\":\"500\",\"autoEnableOutline\":\"false\",\"autoEnableThumbnail\":\"false\",\"overwritePDFOutline\":\"false\",\"direction\":\"1\",\"pageSize\":\"0\",\"maxTextureSize\":\"1024\",\"source\":\"https:\\\/\\\/oyapet.com\\\/wp-content\\\/uploads\\\/2025\\\/07\\\/ISO-9001-Quality-Management-System-.pdf\",\"wpOptions\":\"true\"}; if(window.DFLIP && window.DFLIP.parseBooks){window.DFLIP.parseBooks();}<\/script><\/div>\n\t\t\t\t\t\t<\/div>\n\t\t\t\t<\/div>\n\t\t\t\t<\/div>\n\t\t\t\t\t<\/div>\n\t\t\t\t<\/div>\n\t\t<div class=\"wd-negative-gap elementor-element elementor-element-5c45b43 wd-section-stretch e-flex e-con-boxed e-con e-parent\" data-id=\"5c45b43\" data-element_type=\"container\" data-settings=\"{&quot;background_background&quot;:&quot;classic&quot;}\">\n\t\t\t\t\t<div class=\"e-con-inner\">\n\t\t<div class=\"elementor-element elementor-element-85f9cf4 e-con-full e-flex e-con e-child\" data-id=\"85f9cf4\" data-element_type=\"container\">\n\t\t\t\t<div class=\"elementor-element elementor-element-8deacf2 wd-width-100 elementor-widget elementor-widget-wd_title\" data-id=\"8deacf2\" data-element_type=\"widget\" data-widget_type=\"wd_title.default\">\n\t\t\t\t<div class=\"elementor-widget-container\">\n\t\t\t\t\t\t\t<div class=\"title-wrapper wd-set-mb reset-last-child wd-title-color-default wd-title-style-default wd-title-size-default text-left\">\n\n\t\t\t\n\t\t\t<div class=\"liner-continer\">\n\t\t\t\t<h2 class=\"woodmart-title-container title wd-fontsize-l\">OEKO-TEX\u00ae Standard 100<\/h2> \n\t\t\t\t\t\t\t<\/div>\n\n\t\t\t\t\t\t\t<div class=\"title-after_title reset-last-child wd-fontsize-xs\">\n\t\t\t\t\t<p>Evcil Dostlar \u0130\u00e7in G\u00fcvenli, \u0130nsanlar \u0130\u00e7in G\u00fcvenli Kulland\u0131\u011f\u0131m\u0131z kuma\u015flar OEKO-TEX\u00ae Standard 100 kapsam\u0131nda sertifikal\u0131d\u0131r; zararl\u0131 maddeler i\u00e7ermez ve ciltle do\u011frudan temasta g\u00fcvenlidir \u2014 evcil hayvanlar\u0131n hassas cildi d\u00e2hil. Bu, \u00fcr\u00fcnlerimizde kullan\u0131lan her ipli\u011fin, d\u00fc\u011fmenin ve etiketin s\u0131k\u0131 insan-ekolojik kriterlere uygun oldu\u011fu anlam\u0131na gelir.<\/p>\t\t\t\t<\/div>\n\t\t\t\t\t<\/div>\n\t\t\t\t\t\t<\/div>\n\t\t\t\t<\/div>\n\t\t\t\t<div class=\"elementor-element elementor-element-b8695b0 elementor-widget elementor-widget-wd_button\" data-id=\"b8695b0\" data-element_type=\"widget\" data-widget_type=\"wd_button.default\">\n\t\t\t\t<div class=\"elementor-widget-container\">\n\t\t\t\t\t\t\t<div class=\"wd-button-wrapper text-left\" >\n\t\t\t<a class=\"btn btn-style-default btn-shape-semi-round btn-size-default btn-color-alt btn-icon-pos-right\" href=\"https:\/\/www.oeko-tex.com\/en\/\" rel=\"nofollow noopener\" target=\"_blank\">\n\t\t\t\t<span class=\"wd-btn-text\" data-elementor-setting-key=\"text\">\n\t\t\t\t\tDaha fazla bilgi edin\t\t\t\t<\/span>\n\n\t\t\t\t\t\t\t<\/a>\n\t\t<\/div>\n\t\t\t\t\t\t<\/div>\n\t\t\t\t<\/div>\n\t\t\t\t<\/div>\n\t\t<div class=\"elementor-element elementor-element-7b472b4 e-con-full e-flex e-con e-child\" data-id=\"7b472b4\" data-element_type=\"container\">\n\t\t\t\t<div class=\"elementor-element elementor-element-3b858b8 elementor-widget elementor-widget-shortcode\" data-id=\"3b858b8\" data-element_type=\"widget\" data-widget_type=\"shortcode.default\">\n\t\t\t\t<div class=\"elementor-widget-container\">\n\t\t\t\t\t\t\t<div class=\"elementor-shortcode\"><div class=\"_df_book df-lite\" id=\"df_1207\"  _slug=\"1207\" data-title=\"oeko-tex\" wpoptions=\"true\" thumbtype=\"\" ><\/div><script class=\"df-shortcode-script\" nowprocket type=\"application\/javascript\">window.option_df_1207 = {\"outline\":[],\"autoEnableOutline\":\"false\",\"autoEnableThumbnail\":\"false\",\"overwritePDFOutline\":\"false\",\"direction\":\"1\",\"pageSize\":\"0\",\"source\":\"https:\\\/\\\/oyapet.com\\\/wp-content\\\/uploads\\\/2025\\\/08\\\/certificate_Oya-Ev-Tekstili-ve-Ticaret-Limited-Sirketi_2108163_20250805_E.pdf\",\"wpOptions\":\"true\"}; if(window.DFLIP && window.DFLIP.parseBooks){window.DFLIP.parseBooks();}<\/script><\/div>\n\t\t\t\t\t\t<\/div>\n\t\t\t\t<\/div>\n\t\t\t\t<\/div>\n\t\t\t\t\t<\/div>\n\t\t\t\t<\/div>\n\t\t<div class=\"wd-negative-gap elementor-element elementor-element-9dbe40d wd-section-stretch e-flex e-con-boxed e-con e-parent\" data-id=\"9dbe40d\" data-element_type=\"container\" data-settings=\"{&quot;background_background&quot;:&quot;classic&quot;}\">\n\t\t\t\t\t<div class=\"e-con-inner\">\n\t\t<div class=\"elementor-element elementor-element-9205f4b e-con-full e-flex e-con e-child\" data-id=\"9205f4b\" data-element_type=\"container\">\n\t\t\t\t<div class=\"elementor-element elementor-element-dc4673a wd-width-100 elementor-widget elementor-widget-wd_title\" data-id=\"dc4673a\" data-element_type=\"widget\" data-widget_type=\"wd_title.default\">\n\t\t\t\t<div class=\"elementor-widget-container\">\n\t\t\t\t\t\t\t<div class=\"title-wrapper wd-set-mb reset-last-child wd-title-color-default wd-title-style-default wd-title-size-default text-left\">\n\n\t\t\t\n\t\t\t<div class=\"liner-continer\">\n\t\t\t\t<h2 class=\"woodmart-title-container title wd-fontsize-l\">Global Organic Textile Standard (GOTS)<\/h2> \n\t\t\t\t\t\t\t<\/div>\n\n\t\t\t\t\t\t\t<div class=\"title-after_title reset-last-child wd-fontsize-xs\">\n\t\t\t\t\t<p>Organik \u00dcretimin \u00d6tesinde, Etik Sorumlulukla GOTS, sadece organik hammaddelerin kullan\u0131m\u0131n\u0131 de\u011fil, ayn\u0131 zamanda sorumlu \u00fcretim s\u00fcre\u00e7lerini ve do\u011frulanm\u0131\u015f sosyal kriterleri de kapsar. Bu standart; adil \u00fccret, g\u00fcvenli \u00e7al\u0131\u015fma ko\u015fullar\u0131 ve \u00e7ocuk i\u015f\u00e7ili\u011fi ya da zorla \u00e7al\u0131\u015ft\u0131rmaya kesinlikle yer verilmemesi gibi \u015fartlar\u0131 zorunlu k\u0131lar. Bu y\u00f6nleriyle GOTS, SEDEX gibi sertifikalara etik bir alternatif olarak \u00f6ne \u00e7\u0131kar ve markam\u0131z\u0131n sorumluluk anlay\u0131\u015f\u0131n\u0131 yans\u0131t\u0131r.<\/p>\t\t\t\t<\/div>\n\t\t\t\t\t<\/div>\n\t\t\t\t\t\t<\/div>\n\t\t\t\t<\/div>\n\t\t\t\t<div class=\"elementor-element elementor-element-825e5c3 elementor-widget elementor-widget-wd_button\" data-id=\"825e5c3\" data-element_type=\"widget\" data-widget_type=\"wd_button.default\">\n\t\t\t\t<div class=\"elementor-widget-container\">\n\t\t\t\t\t\t\t<div class=\"wd-button-wrapper text-left\" >\n\t\t\t<a class=\"btn btn-style-default btn-shape-semi-round btn-size-default btn-color-alt btn-icon-pos-right\" href=\"https:\/\/global-standard.org\/\" rel=\"nofollow noopener\" target=\"_blank\">\n\t\t\t\t<span class=\"wd-btn-text\" data-elementor-setting-key=\"text\">\n\t\t\t\t\tDaha fazla bilgi edin\t\t\t\t<\/span>\n\n\t\t\t\t\t\t\t<\/a>\n\t\t<\/div>\n\t\t\t\t\t\t<\/div>\n\t\t\t\t<\/div>\n\t\t\t\t<\/div>\n\t\t<div class=\"elementor-element elementor-element-0a8cae8 e-con-full e-flex e-con e-child\" data-id=\"0a8cae8\" data-element_type=\"container\">\n\t\t\t\t<div class=\"elementor-element elementor-element-73efbf4 elementor-widget elementor-widget-shortcode\" data-id=\"73efbf4\" data-element_type=\"widget\" data-widget_type=\"shortcode.default\">\n\t\t\t\t<div class=\"elementor-widget-container\">\n\t\t\t\t\t\t\t<div class=\"elementor-shortcode\"><div class=\"_df_book df-lite\" id=\"df_831\"  _slug=\"gots-global-organic-textile-standard\" data-title=\"gots-global-organic-textile-standard\" wpoptions=\"true\" thumbtype=\"\" ><\/div><script class=\"df-shortcode-script\" nowprocket type=\"application\/javascript\">window.option_df_831 = {\"outline\":[],\"backgroundColor\":\"#fff\",\"height\":\"500\",\"autoEnableOutline\":\"false\",\"autoEnableThumbnail\":\"false\",\"overwritePDFOutline\":\"false\",\"direction\":\"1\",\"pageSize\":\"0\",\"maxTextureSize\":\"1024\",\"source\":\"https:\\\/\\\/oyapet.com\\\/wp-content\\\/uploads\\\/2025\\\/07\\\/GOTS-2025_USB-TEX-5804-GOTS.pdf\",\"wpOptions\":\"true\"}; if(window.DFLIP && window.DFLIP.parseBooks){window.DFLIP.parseBooks();}<\/script><\/div>\n\t\t\t\t\t\t<\/div>\n\t\t\t\t<\/div>\n\t\t\t\t<\/div>\n\t\t\t\t\t<\/div>\n\t\t\t\t<\/div>\n\t\t\t\t<\/div>","protected":false},"excerpt":{"rendered":"<p>Our Certifications At OYAPET, we believe that quality, safety, and responsibility are non-negotiable. That\u2019s why our production processes and materials<\/p>","protected":false},"author":1,"featured_media":0,"parent":0,"menu_order":0,"comment_status":"closed","ping_status":"closed","template":"","meta":{"footnotes":""},"class_list":["post-803","page","type-page","status-publish","hentry"],"_links":{"self":[{"href":"https:\/\/oyapet.com\/tr\/wp-json\/wp\/v2\/pages\/803","targetHints":{"allow":["GET"]}}],"collection":[{"href":"https:\/\/oyapet.com\/tr\/wp-json\/wp\/v2\/pages"}],"about":[{"href":"https:\/\/oyapet.com\/tr\/wp-json\/wp\/v2\/types\/page"}],"author":[{"embeddable":true,"href":"https:\/\/oyapet.com\/tr\/wp-json\/wp\/v2\/users\/1"}],"replies":[{"embeddable":true,"href":"https:\/\/oyapet.com\/tr\/wp-json\/wp\/v2\/comments?post=803"}],"version-history":[{"count":0,"href":"https:\/\/oyapet.com\/tr\/wp-json\/wp\/v2\/pages\/803\/revisions"}],"wp:attachment":[{"href":"https:\/\/oyapet.com\/tr\/wp-json\/wp\/v2\/media?parent=803"}],"curies":[{"name":"wp","href":"https:\/\/api.w.org\/{rel}","templated":true}]}}