{"id":134,"date":"2025-06-24T12:54:55","date_gmt":"2025-06-24T12:54:55","guid":{"rendered":"https:\/\/oyapet.com\/?post_type=product&#038;p=134"},"modified":"2025-07-24T17:56:14","modified_gmt":"2025-07-24T14:56:14","slug":"pamuklu-kopek-eldiveni-havlusu","status":"publish","type":"product","link":"https:\/\/oyapet.com\/tr\/pamuklu-kopek-eldiveni-havlusu\/","title":{"rendered":"Pamuklu K\u00f6pek Eldiveni Havlusu"},"content":{"rendered":"<p><span class=\"\">Tan\u0131t\u0131m\u0131m\u0131z\u00a0<\/span><span class=\"\"><strong>Pamuklu K\u00f6pek Eldiveni Havlusu<\/strong><\/span><span class=\"\">, e\u011flenceli bir a\u00e7\u0131k hava g\u00fcn\u00fcn\u00fcn ard\u0131ndan t\u00fcyl\u00fc dostunuzu kurulamak ve temizlemek i\u00e7in m\u00fckemmel bir \u00e7\u00f6z\u00fcm.<\/span><\/p>\n<p><span class=\"\">Y\u00fcksek kaliteli malzemelerden \u00fcretilmi\u015ftir,<a href=\"https:\/\/www.oeko-tex.com\/en\/our-standards\/oeko-tex-standard-100\" target=\"_blank\" rel=\"noopener nofollow\">\u00a0O-EKOTEX sertifikal\u0131<\/a>\u00a0S\u00fcper emici pamuktan \u00fcretilen bu eldiven havlu, nemi etkili bir \u015fekilde emmek ve kiri silmek i\u00e7in tasarlanm\u0131\u015ft\u0131r; b\u00f6ylece banyo zaman\u0131n\u0131 ve y\u00fcr\u00fcy\u00fc\u015f sonras\u0131 temizli\u011fi kolayla\u015ft\u0131r\u0131r.<\/span><\/p>\n<p><iframe width=\"1200\" height=\"800\" src=\"https:\/\/www.youtube.com\/embed\/NrFaIc5HDSo?si=EkVZtT16GS7RJqQk\" title=\"YouTube video player\" frameborder=\"0\" allow=\"accelerometer; autoplay; clipboard-write; encrypted-media; gyroscope; picture-in-picture; web-share\" referrerpolicy=\"strict-origin-when-cross-origin\" allowfullscreen><\/iframe><\/p>\n<h2><span class=\"hover:duration-80 duration-800 cursor-pointer underline decoration-textOff\/25 decoration-1 underline-offset-[4px] hover:text-super hover:decoration-super\/80 hover:underline-offset-[6px] dark:decoration-textOffDark\/30 dark:hover:text-superDark dark:hover:decoration-superDark\/80 transition-all first:mt-3 motion-reduce:transition-none\" data-state=\"closed\"><strong>Temel \u00d6zellikler<\/strong><\/span><\/h2>\n<h3><strong>1. Premium Pamuklu Havlu Kuma\u015f<\/strong><\/h3>\n<ul>\n<li>K\u00f6pe\u011finizin t\u00fcylerinden nemi h\u0131zla uzakla\u015ft\u0131rmak i\u00e7in y\u00fcksek emici \u00f6zelli\u011fe sahiptir<\/li>\n<li>Patiler, k\u00fcrk ve cilt \u00fczerinde yumu\u015fakt\u0131r, nazik bir bak\u0131m deneyimi sa\u011flar<\/li>\n<\/ul>\n<h3><strong>2. Daha \u0130yi Kontrol \u0130\u00e7in Eldiven Tasar\u0131m\u0131<\/strong><\/h3>\n<ul>\n<li>Giyilebilir tarz\u0131, evcil hayvan\u0131n\u0131z\u0131 ayn\u0131 anda masaj yapman\u0131za ve kurutman\u0131za olanak tan\u0131r<\/li>\n<li>Kullan\u0131m s\u0131ras\u0131nda havlunun elinizden kaymas\u0131n\u0131 \u00f6nler<\/li>\n<\/ul>\n<h3><strong>3. \u00d6zel Markalama Se\u00e7enekleri<\/strong><\/h3>\n<ul>\n<li>Benzersiz bir \u00fcr\u00fcn i\u00e7in logonuzu, marka etiketlerinizi veya nak\u0131\u015f\u0131n\u0131z\u0131 ekleyin<\/li>\n<li>\u00d6zel etiketli \u00e7\u00f6z\u00fcmler arayan evcil hayvan perakendecileri i\u00e7in idealdir<\/li>\n<\/ul>\n<h3><strong>4. Dayan\u0131kl\u0131 ve Makinede Y\u0131kanabilir<\/strong><\/h3>\n<ul>\n<li>Birden fazla y\u0131kamadan sonra \u015feklini ve performans\u0131n\u0131 korur<\/li>\n<li>Uzun vadeli kullan\u0131m ve s\u00fcrd\u00fcr\u00fclebilirlik i\u00e7in tasarland\u0131<\/li>\n<\/ul>\n<h3><strong>5. T\u00fcrkiye Merkezli\u00a0<a href=\"https:\/\/oyatextile.com\/company\/\" rel=\"nofollow noopener\" target=\"_blank\">\u00dcretme<\/a>\u00a0&amp; K\u00fcresel \u0130hracat<\/strong><\/h3>\n<ul>\n<li>Uluslararas\u0131 kalite standartlar\u0131na uygun<\/li>\n<li>Avrupa, ABD ve \u00f6tesine sorunsuz g\u00f6nderim<\/li>\n<\/ul>\n<h2><span class=\"hover:duration-80 duration-800 cursor-pointer underline decoration-textOff\/25 decoration-1 underline-offset-[4px] hover:text-super hover:decoration-super\/80 hover:underline-offset-[6px] dark:decoration-textOffDark\/30 dark:hover:text-superDark dark:hover:decoration-superDark\/80 transition-all first:mt-3 motion-reduce:transition-none\" data-state=\"closed\"><strong>Faydalar<\/strong><\/span><\/h2>\n<p><span class=\"\">Islak t\u00fcyleri h\u0131zla kurutur, \u00e7amuru temizler, evinizi temiz tutar.<\/span><\/p>\n<p><span class=\"\">Geleneksel havlulardan rahats\u0131z olabilen evcil hayvanlarda kayg\u0131y\u0131 azalt\u0131r.<\/span><\/p>\n<p><span class=\"\">Her cins ve boyuttaki k\u00f6pek i\u00e7in idealdir, hem i\u00e7 hem de d\u0131\u015f mekan kullan\u0131m\u0131 i\u00e7in m\u00fckemmeldir.<\/span><\/p>\n<h2><strong>Neden Pamuklu K\u00f6pek Eldiveni Havlusunu Se\u00e7melisiniz?<\/strong><\/h2>\n<h3><strong>1. M\u00fc\u015fteri Memnuniyeti:<\/strong><\/h3>\n<p>Evcil hayvan i\u015fletmeleri, EcoCotton K\u00f6pek Kurutma Eldiveni'ni sunarak m\u00fc\u015fteri memnuniyetini art\u0131rabilirler. Evcil hayvan sahipleri, evcil hayvanlar\u0131n\u0131n rahat\u0131n\u0131 ve refah\u0131n\u0131 \u00f6n planda tutan bak\u0131m salonlar\u0131n\u0131n sundu\u011fu \u00f6zen ve ayr\u0131nt\u0131lara g\u00f6sterilen \u00f6zeni takdir etmektedir.<\/p>\n<h3><strong>2. Rekabet Avantaj\u0131:<\/strong><\/h3>\n<p>Rekabet\u00e7i bir pazarda \u00f6ne \u00e7\u0131kmak \u00e7ok \u00f6nemlidir. EcoCotton K\u00f6pek Kurutma Eldiveni gibi yenilik\u00e7i bak\u0131m \u00fcr\u00fcnlerini \u00fcr\u00fcn yelpazelerine dahil ederek, evcil hayvan ma\u011fazalar\u0131 ve kuaf\u00f6rler rakiplerinden s\u0131yr\u0131labilir ve se\u00e7ici evcil hayvan sahiplerini cezbedebilir.<\/p>\n<h3><strong>3. Geli\u015fmi\u015f \u0130tibar:<\/strong><\/h3>\n<p>Y\u00fcksek kaliteli bak\u0131m ara\u00e7lar\u0131na yat\u0131r\u0131m yapmak, profesyonelli\u011finizi ve evcil hayvan bak\u0131m\u0131na olan ba\u011fl\u0131l\u0131\u011f\u0131n\u0131z\u0131 g\u00f6sterir. Bu, i\u015fletmeniz i\u00e7in olumlu bir itibar olu\u015fturman\u0131za ve m\u00fc\u015fterilerinizle uzun vadeli ili\u015fkiler kurman\u0131za yard\u0131mc\u0131 olabilir.<\/p>\n<h3><strong>4. Artan Gelir:<\/strong><\/h3>\n<p>Birinci s\u0131n\u0131f bak\u0131m hizmetleri ve \u00fcr\u00fcnleri sunmak, daha y\u00fcksek m\u00fc\u015fteri sadakat oranlar\u0131na ve daha fazla tavsiyeye yol a\u00e7abilir ve sonu\u00e7 olarak evcil hayvan i\u015fletmeniz i\u00e7in gelir b\u00fcy\u00fcmesini art\u0131rabilir.<\/p>\n<h2>EcoCotton K\u00f6pek Kurutma Eldiveni ile Evcil Hayvan Bak\u0131m\u0131nda Devrim Yarat\u0131n<\/h2>\n<p>Evcil hayvan bak\u0131m\u0131nda verimlilik ve konfor en \u00f6nemli unsurlard\u0131r. Evcil hayvan sahipleri, bak\u0131m s\u00fcrecini rahat ve keyifli hale getirirken evcil hayvanlar\u0131n\u0131n refah\u0131n\u0131 \u00f6n planda tutan bak\u0131m \u00e7\u00f6z\u00fcmleri ararlar. \u0130\u015fte kar\u015f\u0131n\u0131zda, evcil hayvan bak\u0131m\u0131 d\u00fcnyas\u0131nda \u00e7\u0131\u011f\u0131r a\u00e7an EcoCotton K\u00f6pek Kurutma Eldiveni. Bu kapsaml\u0131 rehberde, evcil hayvan ma\u011fazalar\u0131n\u0131n, pet shoplar\u0131n ve kuaf\u00f6r salonlar\u0131n\u0131n bu yenilik\u00e7i \u00fcr\u00fcn\u00fc neden \u00fcr\u00fcnlerine dahil etmeleri gerekti\u011finin \u00f6zelliklerini, faydalar\u0131n\u0131 ve nedenlerini inceliyoruz.<\/p>\n<h3>Evcil Hayvan Bak\u0131m Markan\u0131z\u0131 Y\u00fckseltmeye Haz\u0131r M\u0131s\u0131n\u0131z?<\/h3>\n<p>Pamuklu K\u00f6pek Kurutucu Montunuzu bug\u00fcn sipari\u015f edin ve neden d\u00fcnyan\u0131n d\u00f6rt bir yan\u0131ndaki evcil hayvan severler ve profesyonel kuaf\u00f6rler i\u00e7in ideal tercih oldu\u011funu ke\u015ffedin. Banyo zaman\u0131n\u0131 h\u0131zl\u0131, konforlu ve da\u011f\u0131n\u0131kl\u0131ks\u0131z bir deneyime d\u00f6n\u00fc\u015ft\u00fcr\u00fcn; markan\u0131z\u0131 veya evde bak\u0131m rutininizi de geli\u015ftirin.<\/p>\n<p><strong><a href=\"https:\/\/oyatextile.com\/contact-us\/\" rel=\"nofollow noopener\" target=\"_blank\">Bize Ula\u015f\u0131n<\/a>\u00a0Toplu Sipari\u015fler i\u00e7in<\/strong>\u00a0Bu en \u00e7ok satan seti stoklamak i\u00e7in!<\/p>","protected":false},"excerpt":{"rendered":"<p>S\u00fcper emici O-EKOTEX Sertifikal\u0131 Havlu Pamuk malzemeden \u00fcretilmi\u015ftir<\/p>\n<ul>\n<li>0 Pamuk<\/li>\n<li>450 Gsm<\/li>\n<li>Tek Katman<\/li>\n<\/ul>\n<h2>Sipari\u015f ve \u00dcretim<\/h2>\n<p>\u00d6zel Renkler i\u00e7in minimum sipari\u015f miktar\u0131 1500 adettir<\/p>","protected":false},"featured_media":136,"comment_status":"open","ping_status":"closed","template":"","meta":[],"product_brand":[],"product_cat":[21],"product_tag":[],"class_list":{"0":"post-134","1":"product","2":"type-product","3":"status-publish","4":"has-post-thumbnail","6":"product_cat-pet-drying-collection-manufacturer-turkey","8":"first","9":"instock","10":"shipping-taxable","11":"product-type-simple"},"_links":{"self":[{"href":"https:\/\/oyapet.com\/tr\/wp-json\/wp\/v2\/product\/134","targetHints":{"allow":["GET"]}}],"collection":[{"href":"https:\/\/oyapet.com\/tr\/wp-json\/wp\/v2\/product"}],"about":[{"href":"https:\/\/oyapet.com\/tr\/wp-json\/wp\/v2\/types\/product"}],"replies":[{"embeddable":true,"href":"https:\/\/oyapet.com\/tr\/wp-json\/wp\/v2\/comments?post=134"}],"wp:featuredmedia":[{"embeddable":true,"href":"https:\/\/oyapet.com\/tr\/wp-json\/wp\/v2\/media\/136"}],"wp:attachment":[{"href":"https:\/\/oyapet.com\/tr\/wp-json\/wp\/v2\/media?parent=134"}],"wp:term":[{"taxonomy":"product_brand","embeddable":true,"href":"https:\/\/oyapet.com\/tr\/wp-json\/wp\/v2\/product_brand?post=134"},{"taxonomy":"product_cat","embeddable":true,"href":"https:\/\/oyapet.com\/tr\/wp-json\/wp\/v2\/product_cat?post=134"},{"taxonomy":"product_tag","embeddable":true,"href":"https:\/\/oyapet.com\/tr\/wp-json\/wp\/v2\/product_tag?post=134"}],"curies":[{"name":"wp","href":"https:\/\/api.w.org\/{rel}","templated":true}]}}