{"id":174,"date":"2025-06-24T13:51:56","date_gmt":"2025-06-24T13:51:56","guid":{"rendered":"https:\/\/oyapet.com\/?post_type=product&#038;p=174"},"modified":"2025-07-24T17:58:11","modified_gmt":"2025-07-24T14:58:11","slug":"mikrofiber-kopek-kurutma-cantasi","status":"publish","type":"product","link":"https:\/\/oyapet.com\/tr\/mikrofiber-kopek-kurutma-cantasi\/","title":{"rendered":"Mikrofiber K\u00f6pek Kurutma \u00c7antas\u0131"},"content":{"rendered":"<h2>Perakendeciler ve Toptanc\u0131lar i\u00e7in \u00d6zel K\u00f6pek Kurutma \u00c7antas\u0131 | Toplu OEM\/ODM \u00dcreticisi<\/h2>\n<p><iframe width=\"1200\" height=\"800\" src=\"https:\/\/www.youtube.com\/embed\/gv_j8KYhA-4?si=YPGjFlxv32yY8qMg\" title=\"YouTube video player\" frameborder=\"0\" allow=\"accelerometer; autoplay; clipboard-write; encrypted-media; gyroscope; picture-in-picture; web-share\" referrerpolicy=\"strict-origin-when-cross-origin\" allowfullscreen><\/iframe><\/p>\n<div id=\"tab-description\">\n<p>Evcil hayvan bak\u0131m\u0131 ve temizli\u011fi alan\u0131nda, evcil hayvanlar\u0131n ve sahiplerinin de\u011fi\u015fen ihtiya\u00e7lar\u0131n\u0131 kar\u015f\u0131laman\u0131n anahtar\u0131 inovasyondur. Sekt\u00f6rde ses getiren yeniliklerden biri de, birinci s\u0131n\u0131f mikrofiberden \u00fcretilen devrim niteli\u011findeki k\u00f6pek kurutma \u00e7antas\u0131d\u0131r.<\/p>\n<p>Neden evcil hayvan d\u00fckkanlar\u0131, pet shoplar ve evcil hayvan bak\u0131m\u0131 i\u015fletmelerinin bu kadar ilgisini \u00e7ekiyor?<\/p>\n<h3><strong>K\u00f6pek Kurutma Torbas\u0131n\u0131 Anlamak<\/strong><\/h3>\n<p>Basit bir aksesuardan \u00e7ok daha fazlas\u0131d\u0131r; evcil hayvan bak\u0131m\u0131 d\u00fcnyas\u0131nda \u00e7\u0131\u011f\u0131r a\u00e7an bir \u00fcr\u00fcnd\u00fcr. Y\u00fcksek kaliteli mikrofiberden \u00fcretilen bu yenilik\u00e7i alet, k\u00f6pe\u011finizi ba\u015ftan aya\u011fa kaplayarak ola\u011fan\u00fcst\u00fc emicilik ve \u0131slakl\u0131\u011fa ve kire kar\u015f\u0131 koruma sa\u011flar.<\/p>\n<p>Ya\u011fmurlu bir y\u00fcr\u00fcy\u00fc\u015ften veya serinletici bir banyodan sonra, k\u00f6pek kurutma havlusu \u00e7antas\u0131 evcil hayvanlar\u0131n kuru, temiz ve rahat kalmas\u0131n\u0131 sa\u011flar.<\/p>\n<h2><strong>Mikrofiber Kuma\u015f\u0131n Faydalar\u0131:<\/strong><\/h2>\n<p>K\u00f6pek kurutma \u00e7antas\u0131n\u0131n kalbinde, \u00fcst\u00fcn emicili\u011fi ve \u00e7abuk kuruma \u00f6zellikleriyle bilinen mikrofiber kuma\u015f yer al\u0131r. \u0130\u015fte mikrofiberin k\u00f6pekler i\u00e7in en iyi se\u00e7enek olmas\u0131n\u0131n nedenleri:<\/p>\n<h2><strong>G\u00fcvenlik i\u00e7in OEKO-TEX Sertifikal\u0131<\/strong><\/h2>\n<p>T\u00fcm kurutma \u00e7antalar\u0131m\u0131z\u00a0<a href=\"https:\/\/www.oeko-tex.com\/en\/our-standards\/oeko-tex-standard-100\" target=\"_blank\" rel=\"noopener nofollow\"><strong>OEKO-TEX sertifikal\u0131<\/strong><\/a>, zararl\u0131 maddelerden ar\u0131nd\u0131r\u0131lm\u0131\u015f olduklar\u0131ndan emin olmak. Bu, yaln\u0131zca sizin ve m\u00fc\u015fterilerinizin i\u00e7in g\u00f6n\u00fcl rahatl\u0131\u011f\u0131 sa\u011flamakla kalmaz, ayn\u0131 zamanda i\u015fletmenizi \u00e7evre dostu ve evcil hayvanlar i\u00e7in g\u00fcvenli \u00fcr\u00fcnlerle uyumlu hale getirir.<\/p>\n<h2><strong>Seyahat ve A\u00e7\u0131k Hava Maceralar\u0131 i\u00e7in \u0130deal<\/strong><\/h2>\n<p>Da\u011f\u0131n\u0131k yolculuklar\u0131 ge\u00e7mi\u015fte b\u0131rak\u0131n.\u00a0<strong>ko\u015fum deli\u011fi<\/strong>\u00a0emniyet kemerini kolayca takmak i\u00e7in tasarlanm\u0131\u015ft\u0131r; b\u00f6ylece k\u00f6pekleriniz g\u00fcvende kal\u0131r ve arac\u0131n\u0131z temiz kal\u0131r. \u00c7antan\u0131n dibinde biriken d\u00f6k\u00fcnt\u00fcler i\u00e7eride kal\u0131r, b\u00f6ylece sonras\u0131nda ne olaca\u011f\u0131 konusunda endi\u015felenmeden e\u011flenceye odaklanabilirsiniz.<\/p>\n<h2><strong>Seyahat Dostu Avantajlar:<\/strong><\/h2>\n<ul>\n<li><strong>Araba ve Karavan Kasas\u0131:<\/strong>\u00a0K\u00f6pe\u011finizin \u00e7amurlu veya \u0131slak t\u00fcyleri varsa, onu kolayca ba\u011flay\u0131n.<\/li>\n<li><strong>Minimum Koku Tutulmas\u0131:<\/strong>\u00a0H\u0131zl\u0131 kuruyan malzeme, koku veya sa\u00e7 birikmesine kar\u015f\u0131 diren\u00e7 sa\u011flar.<\/li>\n<\/ul>\n<p><strong>H\u0131zl\u0131 Kuruyan:<\/strong><\/p>\n<p>Mikrofiber kuma\u015f, \u0131slak k\u00f6peklerin dakikalar i\u00e7inde kurutulmas\u0131n\u0131 sa\u011flayarak benzersiz h\u0131zl\u0131 kuruma \u00f6zelli\u011fine sahiptir.<\/p>\n<p><strong>\u00a0Y\u00fcksek Emici:<\/strong><\/p>\n<p>Mikrofiber, ola\u011fan\u00fcst\u00fc emicili\u011fi sayesinde k\u00f6pe\u011finizin t\u00fcylerinden nemi ve kiri etkili bir \u015fekilde uzakla\u015ft\u0131rarak temiz ve kuru kalmas\u0131n\u0131 sa\u011flar.<\/p>\n<p><strong>Kokusuz:<\/strong><\/p>\n<p>Mikrofiberin benzersiz \u00f6zellikleri, evcil hayvanlar\u0131n \u0131slak y\u00fcr\u00fcy\u00fc\u015flerden sonra bile ferah ve kokusuz kalmas\u0131n\u0131 sa\u011flayarak, ho\u015f olmayan kokular\u0131 ortadan kald\u0131rmaya yard\u0131mc\u0131 olur.<\/p>\n<p><strong>Rahat:<\/strong><\/p>\n<p>K\u00f6pekler mikrofiberin yumu\u015fak ve rahat hissini severler, bu da bak\u0131m seanslar\u0131n\u0131 onlar i\u00e7in keyifli bir deneyime d\u00f6n\u00fc\u015ft\u00fcr\u00fcr.<\/p>\n<h2><strong>K\u00f6pek Kurutma Torbas\u0131n\u0131n Rol\u00fc Nedir?<\/strong><\/h2>\n<p>K\u00f6pek kurutma \u00e7antas\u0131 s\u0131radan bir yenilik mi, yoksa evcil hayvan sahipleri i\u00e7in hayat kurtar\u0131c\u0131 bir \u00fcr\u00fcn m\u00fc? Cevap, \u00fcr\u00fcn\u00fcn kendisinde yat\u0131yor.\u00a0<a href=\"https:\/\/pawdawoflondon.com\/products\/luxury-dog-dry-bag\" target=\"_blank\" rel=\"noopener nofollow\">functionality<\/a>\u00a0and convenience.<\/p>\n<p>Evcil hayvan sahipleri, \u0131slak y\u00fcr\u00fcy\u00fc\u015flerden sonra kapsaml\u0131 bir temizli\u011fe gerek kalmamas\u0131 nedeniyle k\u00f6pek kurutma havlusu \u00e7antas\u0131n\u0131n zamandan tasarruf sa\u011flad\u0131\u011f\u0131n\u0131 do\u011frulayabilirler.<\/p>\n<p>Bu yenilik\u00e7i ara\u00e7 sayesinde evcil hayvan sahipleri, \u00e7amurlu patiler ve \u0131slak t\u00fcyler konusunda endi\u015felenmek yerine t\u00fcyl\u00fc dostlar\u0131yla daha kaliteli zaman ge\u00e7irebilecekler.<\/p>\n<h2><strong>Mikrofiber K\u00f6pek Kurutma \u00c7antas\u0131n\u0131n Kullan\u0131m\u0131<\/strong><\/h2>\n<p>Mikrofiber k\u00f6pek kurutma \u00e7antas\u0131n\u0131n kullan\u0131m\u0131 basit ve kolayd\u0131r. \u0130\u015fte nas\u0131l \u00e7al\u0131\u015ft\u0131\u011f\u0131:<\/p>\n<p><strong>1<\/strong>. K\u00f6pek kurutma torbas\u0131n\u0131 d\u00fcz bir zeminde, yerde veya araban\u0131n arkas\u0131nda a\u00e7\u0131n.<br \/>\n<strong>2<\/strong>. K\u00f6pe\u011finizi \u00e7antan\u0131n ortas\u0131na yava\u015f\u00e7a yerle\u015ftirin ve rahat bir pozisyonda oldu\u011fundan emin olun.<br \/>\n<strong>3<\/strong>. K\u00f6pe\u011finizi tamamen \u00f6rtecek \u015fekilde torban\u0131n sa\u011f ve sol taraflar\u0131n\u0131 birle\u015ftirin.<br \/>\n<strong>4<\/strong>. \u00c7antay\u0131 fermuarl\u0131 kapatma ile sabitleyin, b\u00f6ylece s\u0131k\u0131 ve g\u00fcvenli bir \u015fekilde oturmas\u0131n\u0131 sa\u011flay\u0131n.<br \/>\n<strong>5<\/strong>. \u0130\u015fte! K\u00f6pe\u011finiz art\u0131k temiz, kuru ve rahat, bir sonraki maceraya haz\u0131r.<\/p>\n<p>Mikrofiber K\u00f6pek Kurutma Havlular\u0131\u00a0<a href=\"https:\/\/oyatextile.com\/pet\/\" rel=\"nofollow noopener\" target=\"_blank\">OYA TEKST\u0130L<\/a>\u00a0evcil hayvan bak\u0131m\u0131 i\u015fletmeleri i\u00e7in oyunun kurallar\u0131n\u0131 de\u011fi\u015ftiren, evcil hayvanlara ve sahiplerine e\u015fsiz konfor ve rahatl\u0131k sunan bir \u00fcr\u00fcnd\u00fcr.<\/p>\n<p>\u00c7abuk kuruyan, emici ve koku yapmayan \u00f6zellikleriyle bu yenilik\u00e7i ara\u00e7, evcil hayvan ma\u011fazalar\u0131, evcil hayvan d\u00fckkanlar\u0131 ve evcil hayvan bak\u0131m salonlar\u0131 i\u00e7in olmazsa olmazd\u0131r.<\/p>\n<p><a href=\"https:\/\/oyatextile.com\/contact-us\/\" rel=\"nofollow noopener\" target=\"_blank\">Bug\u00fcn bizimle ileti\u015fime ge\u00e7in<\/a>\u00a0MicroPerformance K\u00f6pek Kurutma Bornozlar\u0131 hakk\u0131nda daha fazla bilgi edinmek ve tedarikinizi g\u00fcvence alt\u0131na almak i\u00e7in.<\/p>\n<\/div>\n<div id=\"pxl-wgshopsingle-elementor\">\n<div class=\"widget-shop-single-elementor-inner\">\n<div class=\"container\">\n<div class=\"row\"><\/div>\n<\/div>\n<\/div>\n<\/div>","protected":false},"excerpt":{"rendered":"<div class=\"woocommerce-sg-product-excerpt\">\n<div class=\"woocommerce-product-details__short-description\">\n<p>S\u00fcper emici ve pelu\u015f mikrofiber malzemeden \u00fcretilmi\u015ftir<\/p>\n<p><strong>Mayer \u00d6rme S\u0131k\u0131\u015fmayan kuma\u015f, herhangi bir deformasyon olmadan uzun s\u00fcre kullan\u0131ma olanak tan\u0131r<\/strong><\/p>\n<ul>\n<li>Polyester, Poliamid<\/li>\n<li>420 Gsm<\/li>\n<li>Pelu\u015f ve Daha Y\u00fcksek Emicilik<\/li>\n<\/ul>\n<h2>Sipari\u015f ve \u00dcretim<\/h2>\n<p>\u00d6zel Renkler i\u00e7in minimum sipari\u015f miktar\u0131 600 adettir<\/p>\n<p><strong>Toptan Mevcut Stok Renkleri<\/strong><\/p>\n<ul>\n<li>Gri<\/li>\n<\/ul>\n<p><strong>Toptan Mevcut Stok Boyutlar\u0131<\/strong><\/p>\n<ul>\n<li>XS<\/li>\n<li>S<\/li>\n<li>M<\/li>\n<li>L<\/li>\n<li>XL<\/li>\n<\/ul>\n<\/div>\n<\/div>","protected":false},"featured_media":175,"comment_status":"open","ping_status":"closed","template":"","meta":[],"product_brand":[],"product_cat":[21],"product_tag":[],"class_list":{"0":"post-174","1":"product","2":"type-product","3":"status-publish","4":"has-post-thumbnail","6":"product_cat-pet-drying-collection-manufacturer-turkey","8":"first","9":"instock","10":"shipping-taxable","11":"product-type-simple"},"_links":{"self":[{"href":"https:\/\/oyapet.com\/tr\/wp-json\/wp\/v2\/product\/174","targetHints":{"allow":["GET"]}}],"collection":[{"href":"https:\/\/oyapet.com\/tr\/wp-json\/wp\/v2\/product"}],"about":[{"href":"https:\/\/oyapet.com\/tr\/wp-json\/wp\/v2\/types\/product"}],"replies":[{"embeddable":true,"href":"https:\/\/oyapet.com\/tr\/wp-json\/wp\/v2\/comments?post=174"}],"wp:featuredmedia":[{"embeddable":true,"href":"https:\/\/oyapet.com\/tr\/wp-json\/wp\/v2\/media\/175"}],"wp:attachment":[{"href":"https:\/\/oyapet.com\/tr\/wp-json\/wp\/v2\/media?parent=174"}],"wp:term":[{"taxonomy":"product_brand","embeddable":true,"href":"https:\/\/oyapet.com\/tr\/wp-json\/wp\/v2\/product_brand?post=174"},{"taxonomy":"product_cat","embeddable":true,"href":"https:\/\/oyapet.com\/tr\/wp-json\/wp\/v2\/product_cat?post=174"},{"taxonomy":"product_tag","embeddable":true,"href":"https:\/\/oyapet.com\/tr\/wp-json\/wp\/v2\/product_tag?post=174"}],"curies":[{"name":"wp","href":"https:\/\/api.w.org\/{rel}","templated":true}]}}